{"id":28,"date":"2023-12-20T02:26:00","date_gmt":"2023-12-20T02:26:00","guid":{"rendered":"https:\/\/trialadvisers.com\/?page_id=28"},"modified":"2024-04-01T18:28:54","modified_gmt":"2024-04-01T18:28:54","slug":"contacto","status":"publish","type":"page","link":"https:\/\/trialadvisers.com\/index.php\/contacto\/","title":{"rendered":"Contacto"},"content":{"rendered":"\n<div class=\"slider-wrapper relative\" id=\"slider-1722116445\" >\n    <div class=\"slider slider-nav-circle slider-nav-large slider-nav-light slider-style-normal\"\n        data-flickity-options='{\n            \"cellAlign\": \"center\",\n            \"imagesLoaded\": true,\n            \"lazyLoad\": 1,\n            \"freeScroll\": false,\n            \"wrapAround\": true,\n            \"autoPlay\": 6000,\n            \"pauseAutoPlayOnHover\" : true,\n            \"prevNextButtons\": true,\n            \"contain\" : true,\n            \"adaptiveHeight\" : true,\n            \"dragThreshold\" : 10,\n            \"percentPosition\": true,\n            \"pageDots\": true,\n            \"rightToLeft\": false,\n            \"draggable\": true,\n            \"selectedAttraction\": 0.1,\n            \"parallax\" : 0,\n            \"friction\": 0.6        }'\n        >\n        \n\n\n     <\/div>\n\n     <div class=\"loading-spin dark large centered\"><\/div>\n\n\t<\/div>\n\n\n<div class=\"row row-collapse row-full-width\"  id=\"row-1378615296\">\n\n\n\t<div id=\"col-515601560\" class=\"col small-12 large-12\"  >\n\t\t\t\t<div class=\"col-inner\"  >\n\t\t\t\n\t\t\t\n\n\t<section class=\"section\" id=\"section_166326207\">\n\t\t<div class=\"bg section-bg fill bg-fill  \" >\n\n\t\t\t\n\t\t\t<div class=\"section-bg-overlay absolute fill\"><\/div>\n\t\t\t\n\n\t\t<\/div>\n\n\t\t\n\n\t\t<div class=\"section-content relative\">\n\t\t\t\n\n<div class=\"row row-collapse align-center\" style=\"max-width:\" id=\"row-1449245296\">\n\n\n\t<div id=\"col-2018381633\" class=\"col small-12 large-12\"  >\n\t\t\t\t<div class=\"col-inner text-center dark\"  >\n\t\t\t\n\t\t\t\n\n<h1><span style=\"font-size: 250%;\">Cont\u00e1ctenos<\/span><\/h1>\n<p class=\"lead\"><span style=\"font-size: 120%;\">Escribenos, responderemos en la mayor brevedad.<\/span><\/p>\n\n\t\t<\/div>\n\t\t\t\t\n<style>\n#col-2018381633 > .col-inner {\n  padding: 100px 20px 200px 0px;\n}\n@media (min-width:550px) {\n  #col-2018381633 > .col-inner {\n    padding: 100px 0px 200px 0px;\n  }\n}\n<\/style>\n\t<\/div>\n\n\t\n\n<\/div>\n\n\t\t<\/div>\n\n\t\t\n<style>\n#section_166326207 {\n  padding-top: 0px;\n  padding-bottom: 0px;\n  min-height: 0px;\n}\n#section_166326207 .section-bg-overlay {\n  background-color: rgba(0, 0, 0, 0.12);\n}\n#section_166326207 .section-bg.bg-loaded {\n  background-image: url(https:\/\/trialadvisers.com\/wp-content\/uploads\/2024\/02\/pexels-tory-brown-4118101-1-scaled.jpg);\n}\n#section_166326207 .section-bg {\n  background-position: 55% 100%;\n}\n@media (min-width:550px) {\n  #section_166326207 {\n    padding-top: 0px;\n    padding-bottom: 0px;\n  }\n  #section_166326207 .section-bg-overlay {\n    background-color: rgba(0, 0, 0, 0.21);\n  }\n}\n@media (min-width:850px) {\n  #section_166326207 {\n    padding-top: 100px;\n    padding-bottom: 100px;\n  }\n  #section_166326207 .section-bg-overlay {\n    background-color: rgba(17, 32, 52, 0.872);\n  }\n}\n<\/style>\n\t<\/section>\n\t\n\n\t\t<\/div>\n\t\t\t\t\n<style>\n#col-515601560 > .col-inner {\n  padding: 0px 30px 0px 30px;\n}\n<\/style>\n\t<\/div>\n\n\t\n\n<\/div>\n<div class=\"row row-large\" style=\"max-width:1400px\" id=\"row-534800913\">\n\n\n\t<div id=\"col-1706436894\" class=\"col small-12 large-12\"  >\n\t\t\t\t<div class=\"col-inner\" style=\"background-color:rgb(255, 255, 255);\" >\n\t\t\t\n\t\t\t\n\n<div class=\"row row-collapse row-full-width\"  id=\"row-1602359254\">\n\n\n\t<div id=\"col-586182517\" class=\"col medium-12 small-12 large-6\"  >\n\t\t\t\t<div class=\"col-inner\"  >\n\t\t\t\n\t\t\t\n\n<h2><span style=\"font-size: 120%;\">Trial Advisers<\/span><\/h2>\n<p>\u00a1Experiencia que cuenta, soluciones a la medida!<\/p>\n\t<div id=\"gap-331401551\" class=\"gap-element clearfix\" style=\"display:block; height:auto;\">\n\t\t\n<style>\n#gap-331401551 {\n  padding-top: 20px;\n}\n@media (min-width:550px) {\n  #gap-331401551 {\n    padding-top: 20px;\n  }\n}\n@media (min-width:850px) {\n  #gap-331401551 {\n    padding-top: 30px;\n  }\n}\n<\/style>\n\t<\/div>\n\t\n\n<div class=\"row\"  id=\"row-1866124255\">\n\n\n\t<div id=\"col-1818816768\" class=\"col medium-5 small-12 large-5\"  >\n\t\t\t\t<div class=\"col-inner\"  >\n\t\t\t\n\t\t\t\n\n\t<div class=\"img has-hover x md-x lg-x y md-y lg-y\" id=\"image_1008866356\">\n\t\t\t\t\t\t\t\t<div class=\"img-inner image-zoom-fade dark\" >\n\t\t\t<img loading=\"lazy\" decoding=\"async\" width=\"240\" height=\"240\" src=\"https:\/\/trialadvisers.com\/wp-content\/uploads\/2024\/02\/map-pin-2-fill-2.png\" class=\"attachment-large size-large\" alt=\"\" srcset=\"https:\/\/trialadvisers.com\/wp-content\/uploads\/2024\/02\/map-pin-2-fill-2.png 240w, https:\/\/trialadvisers.com\/wp-content\/uploads\/2024\/02\/map-pin-2-fill-2-150x150.png 150w\" sizes=\"auto, (max-width: 240px) 100vw, 240px\" \/>\t\t\t\t\t\t\n\t\t\t\t\t<\/div>\n\t\t\t\t\t\t\t\t\n<style>\n#image_1008866356 {\n  width: 15%;\n}\n@media (min-width:550px) {\n  #image_1008866356 {\n    width: 20%;\n  }\n}\n<\/style>\n\t<\/div>\n\t\n\n<h3 class=\"uppercase\">Miami<\/h3>\n<p>3952 MARTIN COURT WESTON, FL. 33331Miami, USA<\/p>\n\n\t\t<\/div>\n\t\t\t\t\t<\/div>\n\n\t\n\n\t<div id=\"col-754559320\" class=\"col medium-6 small-12 large-6\"  >\n\t\t\t\t<div class=\"col-inner\"  >\n\t\t\t\n\t\t\t\n\n\t<div class=\"img has-hover x md-x lg-x y md-y lg-y\" id=\"image_146689757\">\n\t\t\t\t\t\t\t\t<div class=\"img-inner image-zoom-fade dark\" >\n\t\t\t<img loading=\"lazy\" decoding=\"async\" width=\"240\" height=\"240\" src=\"https:\/\/trialadvisers.com\/wp-content\/uploads\/2024\/02\/mail-open-fill.png\" class=\"attachment-large size-large\" alt=\"\" srcset=\"https:\/\/trialadvisers.com\/wp-content\/uploads\/2024\/02\/mail-open-fill.png 240w, https:\/\/trialadvisers.com\/wp-content\/uploads\/2024\/02\/mail-open-fill-150x150.png 150w\" sizes=\"auto, (max-width: 240px) 100vw, 240px\" \/>\t\t\t\t\t\t\n\t\t\t\t\t<\/div>\n\t\t\t\t\t\t\t\t\n<style>\n#image_146689757 {\n  width: 15%;\n}\n@media (min-width:550px) {\n  #image_146689757 {\n    width: 20%;\n  }\n}\n<\/style>\n\t<\/div>\n\t\n\n<h3 class=\"uppercase\">E-mail<\/h3>\n<p>cdelgado@trialasesores.com<\/p>\n\n\t\t<\/div>\n\t\t\t\t\t<\/div>\n\n\t\n\n<\/div>\n<div class=\"row\"  id=\"row-1416434075\">\n\n\n\t<div id=\"col-1302444471\" class=\"col medium-6 small-12 large-6\"  >\n\t\t\t\t<div class=\"col-inner\"  >\n\t\t\t\n\t\t\t\n\n\t<div class=\"img has-hover x md-x lg-x y md-y lg-y\" id=\"image_1033492807\">\n\t\t\t\t\t\t\t\t<div class=\"img-inner image-zoom-fade dark\" >\n\t\t\t<img loading=\"lazy\" decoding=\"async\" width=\"240\" height=\"240\" src=\"https:\/\/trialadvisers.com\/wp-content\/uploads\/2024\/02\/phone-fill.png\" class=\"attachment-large size-large\" alt=\"\" srcset=\"https:\/\/trialadvisers.com\/wp-content\/uploads\/2024\/02\/phone-fill.png 240w, https:\/\/trialadvisers.com\/wp-content\/uploads\/2024\/02\/phone-fill-150x150.png 150w\" sizes=\"auto, (max-width: 240px) 100vw, 240px\" \/>\t\t\t\t\t\t\n\t\t\t\t\t<\/div>\n\t\t\t\t\t\t\t\t\n<style>\n#image_1033492807 {\n  width: 15%;\n}\n@media (min-width:550px) {\n  #image_1033492807 {\n    width: 20%;\n  }\n}\n<\/style>\n\t<\/div>\n\t\n\n<h3 class=\"uppercase\">Tel\u00e9fono<\/h3>\n<p> USA (+1) 786 925 3522<\/p>\n\n\t\t<\/div>\n\t\t\t\t\t<\/div>\n\n\t\n\n<\/div>\n\n\t\t<\/div>\n\t\t\t\t\n<style>\n#col-586182517 > .col-inner {\n  padding: 0px 0px 0px 20px;\n}\n<\/style>\n\t<\/div>\n\n\t\n\n\t<div id=\"col-1983450182\" class=\"col medium-12 small-12 large-6\"  >\n\t\t\t\t<div class=\"col-inner\"  >\n\t\t\t\n\t\t\t\n\n<h2><span style=\"font-size: 120%;\">Su Mensaje<\/span><\/h2>\n\t<div id=\"gap-1018354719\" class=\"gap-element clearfix\" style=\"display:block; height:auto;\">\n\t\t\n<style>\n#gap-1018354719 {\n  padding-top: 20px;\n}\n@media (min-width:550px) {\n  #gap-1018354719 {\n    padding-top: 20px;\n  }\n}\n@media (min-width:850px) {\n  #gap-1018354719 {\n    padding-top: 30px;\n  }\n}\n<\/style>\n\t<\/div>\n\t\n\n\n\n<style id=\"wpforms-css-vars-357\">\n\t\t\t\t#wpforms-357 {\n\t\t\t\t\n\t\t\t}\n\t\t\t<\/style><div class=\"wpforms-container wpforms-container-full wpforms-render-modern\" id=\"wpforms-357\"><form id=\"wpforms-form-357\" class=\"wpforms-validate wpforms-form wpforms-ajax-form\" data-formid=\"357\" method=\"post\" enctype=\"multipart\/form-data\" action=\"\/index.php\/wp-json\/wp\/v2\/pages\/28\" data-token=\"9ec66fc9dd6ddadf704071952ff92061\" data-token-time=\"1776377953\"><noscript class=\"wpforms-error-noscript\">Por favor, activa JavaScript en tu navegador para completar este formulario.<\/noscript><div id=\"wpforms-error-noscript\" style=\"display: none;\">Por favor, activa JavaScript en tu navegador para completar este formulario.<\/div><div class=\"wpforms-field-container\"><div id=\"wpforms-357-field_0-container\" class=\"wpforms-field wpforms-field-name\" data-field-id=\"0\"><fieldset><legend class=\"wpforms-field-label\">Nombre <span class=\"wpforms-required-label\" aria-hidden=\"true\">*<\/span><\/legend><div class=\"wpforms-field-row wpforms-field-medium\"><div class=\"wpforms-field-row-block wpforms-first wpforms-one-half\"><input type=\"text\" id=\"wpforms-357-field_0\" class=\"wpforms-field-name-first wpforms-field-required\" name=\"wpforms[fields][0][first]\" aria-errormessage=\"wpforms-357-field_0-error\" required><label for=\"wpforms-357-field_0\" class=\"wpforms-field-sublabel after\">Nombre<\/label><\/div><div class=\"wpforms-field-row-block wpforms-one-half\"><input type=\"text\" id=\"wpforms-357-field_0-last\" class=\"wpforms-field-name-last wpforms-field-required\" name=\"wpforms[fields][0][last]\" aria-errormessage=\"wpforms-357-field_0-last-error\" required><label for=\"wpforms-357-field_0-last\" class=\"wpforms-field-sublabel after\">Apellidos<\/label><\/div><\/div><\/fieldset><\/div><div id=\"wpforms-357-field_1-container\" class=\"wpforms-field wpforms-field-email\" data-field-id=\"1\"><label class=\"wpforms-field-label\" for=\"wpforms-357-field_1\">Correo electr\u00f3nico <span class=\"wpforms-required-label\" aria-hidden=\"true\">*<\/span><\/label><input type=\"email\" id=\"wpforms-357-field_1\" class=\"wpforms-field-medium wpforms-field-required\" name=\"wpforms[fields][1]\" spellcheck=\"false\" aria-errormessage=\"wpforms-357-field_1-error\" required><\/div><div id=\"wpforms-357-field_2-container\" class=\"wpforms-field wpforms-field-textarea\" data-field-id=\"2\"><label class=\"wpforms-field-label\" for=\"wpforms-357-field_2\">Comentario o mensaje<\/label><textarea id=\"wpforms-357-field_2\" class=\"wpforms-field-medium\" name=\"wpforms[fields][2]\" aria-errormessage=\"wpforms-357-field_2-error\" ><\/textarea><\/div><div id=\"wpforms-357-field_3-container\" class=\"wpforms-field wpforms-field-checkbox\" data-field-id=\"3\"><fieldset><legend class=\"wpforms-field-label\">Tratamiento de Datos <span class=\"wpforms-required-label\" aria-hidden=\"true\">*<\/span><\/legend><ul id=\"wpforms-357-field_3\" class=\"wpforms-field-required\"><li class=\"choice-1 depth-1\"><input type=\"checkbox\" id=\"wpforms-357-field_3_1\" name=\"wpforms[fields][3][]\" value=\"Aceptaci\u00f3n\" aria-errormessage=\"wpforms-357-field_3_1-error\" aria-describedby=\"wpforms-357-field_3-description\" required ><label class=\"wpforms-field-label-inline\" for=\"wpforms-357-field_3_1\">Aceptaci\u00f3n<\/label><\/li><\/ul><div id=\"wpforms-357-field_3-description\" class=\"wpforms-field-description\">Entiendo y acepto que [Trial Advisers] recopilar\u00e1, utilizar\u00e1 y procesar\u00e1 los datos personales proporcionados por m\u00ed durante el registro o el uso de los servicios ofrecidos por Trial Advisers, de conformidad con los t\u00e9rminos y condiciones establecidos en la pol\u00edtica de tratamiento de datos personales.<\/div><\/fieldset><\/div><\/div><!-- .wpforms-field-container --><div class=\"wpforms-recaptcha-container wpforms-is-recaptcha wpforms-is-recaptcha-type-v2\" ><div class=\"g-recaptcha\" data-sitekey=\"6LdnOaspAAAAAKelSBEfbK_YGeKhBcw2xxeD8LOD\"><\/div><input type=\"text\" name=\"g-recaptcha-hidden\" class=\"wpforms-recaptcha-hidden\" style=\"position:absolute!important;clip:rect(0,0,0,0)!important;height:1px!important;width:1px!important;border:0!important;overflow:hidden!important;padding:0!important;margin:0!important;\" data-rule-recaptcha=\"1\"><\/div><div class=\"wpforms-submit-container\" ><input type=\"hidden\" name=\"wpforms[id]\" value=\"357\"><input type=\"hidden\" name=\"page_title\" value=\"\"><input type=\"hidden\" name=\"page_url\" value=\"https:\/\/trialadvisers.com\/index.php\/wp-json\/wp\/v2\/pages\/28\"><input type=\"hidden\" name=\"url_referer\" value=\"\"><button type=\"submit\" name=\"wpforms[submit]\" id=\"wpforms-submit-357\" class=\"wpforms-submit\" data-alt-text=\"Enviando...\" data-submit-text=\"Enviar\" aria-live=\"assertive\" value=\"wpforms-submit\">Enviar<\/button><img loading=\"lazy\" decoding=\"async\" src=\"https:\/\/trialadvisers.com\/wp-content\/plugins\/wpforms-lite\/assets\/images\/submit-spin.svg\" class=\"wpforms-submit-spinner\" style=\"display: none;\" width=\"26\" height=\"26\" alt=\"Cargando\"><\/div><\/form><\/div>  <!-- .wpforms-container -->\n\n\n\t\t<\/div>\n\t\t\t\t\t<\/div>\n\n\t\n\n\n<style>\n#row-1602359254 > .col > .col-inner {\n  padding: 0px 15px 0px 15px;\n}\n<\/style>\n<\/div>\n\n\t\t<\/div>\n\t\t\t\t\n<style>\n#col-1706436894 > .col-inner {\n  padding: 50px 20px 0px 20px;\n  margin: -0 0px 0px 0px;\n}\n@media (min-width:550px) {\n  #col-1706436894 > .col-inner {\n    padding: 50px 20px 30px 20px;\n    margin: 0 0px 0px 0px;\n  }\n}\n@media (min-width:850px) {\n  #col-1706436894 > .col-inner {\n    padding: 66px 5% 16px 5%;\n    margin: -135px 0px 0px 0px;\n  }\n}\n<\/style>\n\t<\/div>\n\n\t\n\n<\/div>\n<div class=\"row row-collapse row-full-width\"  id=\"row-1254636658\">\n\n\n\t<div id=\"col-1765376205\" class=\"col small-12 large-12\"  >\n\t\t\t\t<div class=\"col-inner\"  >\n\t\t\t\n\t\t\t\n\n\n\n<iframe src=\"https:\/\/www.google.com\/maps\/embed?pb=!1m16!1m12!1m3!1d3583.90299132399!2d-80.38527212401935!3d26.06942659582013!2m3!1f0!2f0!3f0!3m2!1i1024!2i768!4f13.1!2m1!1s3952%20MARTIN%20COURT%20WESTON%2C%20FL.%2033331Miami%2C%20USA!5e0!3m2!1ses-419!2sco!4v1711996055803!5m2!1ses-419!2sco\" width=\"1920\" height=\"450\" style=\"border:0;\" allowfullscreen=\"\" loading=\"lazy\" referrerpolicy=\"no-referrer-when-downgrade\"><\/iframe>\n\n\n\t\t<\/div>\n\t\t\t\t\n<style>\n#col-1765376205 > .col-inner {\n  padding: 0px 30px 0px 30px;\n}\n<\/style>\n\t<\/div>\n\n\t\n\n<\/div>\n\n","protected":false},"excerpt":{"rendered":"","protected":false},"author":1,"featured_media":0,"parent":0,"menu_order":0,"comment_status":"closed","ping_status":"closed","template":"page-blank.php","meta":{"footnotes":""},"class_list":["post-28","page","type-page","status-publish","hentry"],"yoast_head":"<!-- This site is optimized with the Yoast SEO plugin v27.1.1 - https:\/\/yoast.com\/product\/yoast-seo-wordpress\/ -->\n<title>Contacto - TRIAL ADVISERS<\/title>\n<meta name=\"robots\" content=\"index, follow, max-snippet:-1, max-image-preview:large, max-video-preview:-1\" \/>\n<link rel=\"canonical\" href=\"https:\/\/trialadvisers.com\/index.php\/contacto\/\" \/>\n<meta property=\"og:locale\" content=\"es_ES\" \/>\n<meta property=\"og:type\" content=\"article\" \/>\n<meta property=\"og:title\" content=\"Contacto - TRIAL ADVISERS\" \/>\n<meta property=\"og:url\" content=\"https:\/\/trialadvisers.com\/index.php\/contacto\/\" \/>\n<meta property=\"og:site_name\" content=\"TRIAL ADVISERS\" \/>\n<meta property=\"article:modified_time\" content=\"2024-04-01T18:28:54+00:00\" \/>\n<meta name=\"twitter:card\" content=\"summary_large_image\" \/>\n<script type=\"application\/ld+json\" class=\"yoast-schema-graph\">{\"@context\":\"https:\/\/schema.org\",\"@graph\":[{\"@type\":\"WebPage\",\"@id\":\"https:\/\/trialadvisers.com\/index.php\/contacto\/\",\"url\":\"https:\/\/trialadvisers.com\/index.php\/contacto\/\",\"name\":\"Contacto - TRIAL ADVISERS\",\"isPartOf\":{\"@id\":\"https:\/\/trialadvisers.com\/#website\"},\"datePublished\":\"2023-12-20T02:26:00+00:00\",\"dateModified\":\"2024-04-01T18:28:54+00:00\",\"breadcrumb\":{\"@id\":\"https:\/\/trialadvisers.com\/index.php\/contacto\/#breadcrumb\"},\"inLanguage\":\"es-CO\",\"potentialAction\":[{\"@type\":\"ReadAction\",\"target\":[\"https:\/\/trialadvisers.com\/index.php\/contacto\/\"]}]},{\"@type\":\"BreadcrumbList\",\"@id\":\"https:\/\/trialadvisers.com\/index.php\/contacto\/#breadcrumb\",\"itemListElement\":[{\"@type\":\"ListItem\",\"position\":1,\"name\":\"Inicio\",\"item\":\"https:\/\/trialadvisers.com\/\"},{\"@type\":\"ListItem\",\"position\":2,\"name\":\"Contacto\"}]},{\"@type\":\"WebSite\",\"@id\":\"https:\/\/trialadvisers.com\/#website\",\"url\":\"https:\/\/trialadvisers.com\/\",\"name\":\"TRIAL ADVISERS\",\"description\":\"Tu tranquilidad financiera, nuestra responsabilidad\",\"publisher\":{\"@id\":\"https:\/\/trialadvisers.com\/#organization\"},\"potentialAction\":[{\"@type\":\"SearchAction\",\"target\":{\"@type\":\"EntryPoint\",\"urlTemplate\":\"https:\/\/trialadvisers.com\/?s={search_term_string}\"},\"query-input\":{\"@type\":\"PropertyValueSpecification\",\"valueRequired\":true,\"valueName\":\"search_term_string\"}}],\"inLanguage\":\"es-CO\"},{\"@type\":\"Organization\",\"@id\":\"https:\/\/trialadvisers.com\/#organization\",\"name\":\"TRIAL ADVISERS\",\"url\":\"https:\/\/trialadvisers.com\/\",\"logo\":{\"@type\":\"ImageObject\",\"inLanguage\":\"es-CO\",\"@id\":\"https:\/\/trialadvisers.com\/#\/schema\/logo\/image\/\",\"url\":\"https:\/\/trialadvisers.com\/wp-content\/uploads\/2023\/12\/cropped-LOGO.png\",\"contentUrl\":\"https:\/\/trialadvisers.com\/wp-content\/uploads\/2023\/12\/cropped-LOGO.png\",\"width\":180,\"height\":60,\"caption\":\"TRIAL ADVISERS\"},\"image\":{\"@id\":\"https:\/\/trialadvisers.com\/#\/schema\/logo\/image\/\"}}]}<\/script>\n<!-- \/ Yoast SEO plugin. -->","yoast_head_json":{"title":"Contacto - TRIAL ADVISERS","robots":{"index":"index","follow":"follow","max-snippet":"max-snippet:-1","max-image-preview":"max-image-preview:large","max-video-preview":"max-video-preview:-1"},"canonical":"https:\/\/trialadvisers.com\/index.php\/contacto\/","og_locale":"es_ES","og_type":"article","og_title":"Contacto - TRIAL ADVISERS","og_url":"https:\/\/trialadvisers.com\/index.php\/contacto\/","og_site_name":"TRIAL ADVISERS","article_modified_time":"2024-04-01T18:28:54+00:00","twitter_card":"summary_large_image","schema":{"@context":"https:\/\/schema.org","@graph":[{"@type":"WebPage","@id":"https:\/\/trialadvisers.com\/index.php\/contacto\/","url":"https:\/\/trialadvisers.com\/index.php\/contacto\/","name":"Contacto - TRIAL ADVISERS","isPartOf":{"@id":"https:\/\/trialadvisers.com\/#website"},"datePublished":"2023-12-20T02:26:00+00:00","dateModified":"2024-04-01T18:28:54+00:00","breadcrumb":{"@id":"https:\/\/trialadvisers.com\/index.php\/contacto\/#breadcrumb"},"inLanguage":"es-CO","potentialAction":[{"@type":"ReadAction","target":["https:\/\/trialadvisers.com\/index.php\/contacto\/"]}]},{"@type":"BreadcrumbList","@id":"https:\/\/trialadvisers.com\/index.php\/contacto\/#breadcrumb","itemListElement":[{"@type":"ListItem","position":1,"name":"Inicio","item":"https:\/\/trialadvisers.com\/"},{"@type":"ListItem","position":2,"name":"Contacto"}]},{"@type":"WebSite","@id":"https:\/\/trialadvisers.com\/#website","url":"https:\/\/trialadvisers.com\/","name":"TRIAL ADVISERS","description":"Tu tranquilidad financiera, nuestra responsabilidad","publisher":{"@id":"https:\/\/trialadvisers.com\/#organization"},"potentialAction":[{"@type":"SearchAction","target":{"@type":"EntryPoint","urlTemplate":"https:\/\/trialadvisers.com\/?s={search_term_string}"},"query-input":{"@type":"PropertyValueSpecification","valueRequired":true,"valueName":"search_term_string"}}],"inLanguage":"es-CO"},{"@type":"Organization","@id":"https:\/\/trialadvisers.com\/#organization","name":"TRIAL ADVISERS","url":"https:\/\/trialadvisers.com\/","logo":{"@type":"ImageObject","inLanguage":"es-CO","@id":"https:\/\/trialadvisers.com\/#\/schema\/logo\/image\/","url":"https:\/\/trialadvisers.com\/wp-content\/uploads\/2023\/12\/cropped-LOGO.png","contentUrl":"https:\/\/trialadvisers.com\/wp-content\/uploads\/2023\/12\/cropped-LOGO.png","width":180,"height":60,"caption":"TRIAL ADVISERS"},"image":{"@id":"https:\/\/trialadvisers.com\/#\/schema\/logo\/image\/"}}]}},"_links":{"self":[{"href":"https:\/\/trialadvisers.com\/index.php\/wp-json\/wp\/v2\/pages\/28","targetHints":{"allow":["GET"]}}],"collection":[{"href":"https:\/\/trialadvisers.com\/index.php\/wp-json\/wp\/v2\/pages"}],"about":[{"href":"https:\/\/trialadvisers.com\/index.php\/wp-json\/wp\/v2\/types\/page"}],"author":[{"embeddable":true,"href":"https:\/\/trialadvisers.com\/index.php\/wp-json\/wp\/v2\/users\/1"}],"replies":[{"embeddable":true,"href":"https:\/\/trialadvisers.com\/index.php\/wp-json\/wp\/v2\/comments?post=28"}],"version-history":[{"count":12,"href":"https:\/\/trialadvisers.com\/index.php\/wp-json\/wp\/v2\/pages\/28\/revisions"}],"predecessor-version":[{"id":364,"href":"https:\/\/trialadvisers.com\/index.php\/wp-json\/wp\/v2\/pages\/28\/revisions\/364"}],"wp:attachment":[{"href":"https:\/\/trialadvisers.com\/index.php\/wp-json\/wp\/v2\/media?parent=28"}],"curies":[{"name":"wp","href":"https:\/\/api.w.org\/{rel}","templated":true}]}}