{"id":24,"date":"2023-12-20T02:24:49","date_gmt":"2023-12-20T02:24:49","guid":{"rendered":"https:\/\/trialadvisers.com\/?page_id=24"},"modified":"2024-03-05T05:45:46","modified_gmt":"2024-03-05T05:45:46","slug":"noticias","status":"publish","type":"page","link":"https:\/\/trialadvisers.com\/index.php\/noticias\/","title":{"rendered":"Noticias"},"content":{"rendered":"\n\t<section class=\"section\" id=\"section_420144966\">\n\t\t<div class=\"bg section-bg fill bg-fill  \" >\n\n\t\t\t\n\t\t\t<div class=\"section-bg-overlay absolute fill\"><\/div>\n\t\t\t\n\n\t\t<\/div>\n\n\t\t\n\n\t\t<div class=\"section-content relative\">\n\t\t\t\n\n\n\t\t<\/div>\n\n\t\t\n<style>\n#section_420144966 {\n  padding-top: 30px;\n  padding-bottom: 30px;\n  min-height: 300px;\n}\n#section_420144966 .section-bg-overlay {\n  background-color: rgba(0, 0, 0, 0.599);\n}\n#section_420144966 .section-bg.bg-loaded {\n  background-image: url(https:\/\/trialadvisers.com\/wp-content\/uploads\/2024\/02\/luca-bravo-9l_326FISzk-unsplash-edited.jpg);\n}\n#section_420144966 .section-bg {\n  background-position: 33% 28%;\n}\n@media (min-width:550px) {\n  #section_420144966 {\n    min-height: 400px;\n  }\n}\n@media (min-width:850px) {\n  #section_420144966 {\n    min-height: 500px;\n  }\n}\n<\/style>\n\t<\/section>\n\t\n\t<section class=\"section\" id=\"section_1494649822\">\n\t\t<div class=\"bg section-bg fill bg-fill  bg-loaded\" >\n\n\t\t\t\n\t\t\t\n\t\t\t\n\n\t\t<\/div>\n\n\t\t\n\n\t\t<div class=\"section-content relative\">\n\t\t\t\n\n<div class=\"row align-center\"  id=\"row-1506133851\">\n\n\n\t<div id=\"col-2100504021\" class=\"col medium-12 small-12 large-6\"  >\n\t\t\t\t<div class=\"col-inner\"  >\n\t\t\t\n\t\t\t\n\n\t<div id=\"gap-1120141326\" class=\"gap-element clearfix\" style=\"display:block; height:auto;\">\n\t\t\n<style>\n#gap-1120141326 {\n  padding-top: 10px;\n}\n@media (min-width:550px) {\n  #gap-1120141326 {\n    padding-top: 20px;\n  }\n}\n@media (min-width:850px) {\n  #gap-1120141326 {\n    padding-top: 30px;\n  }\n}\n<\/style>\n\t<\/div>\n\t\n\n\t<div id=\"text-3980314844\" class=\"text\">\n\t\t\n\n<h1>Ent\u00e9rese de Novedades<\/h1>\n\t\t\n<style>\n#text-3980314844 {\n  font-size: 1.55rem;\n}\n<\/style>\n\t<\/div>\n\t\n<p class=\"lead\">Encuentre temas relevantes como la planificaci\u00f3n fiscal, el manejo de declaraciones tributarias, auditor\u00edas financieras y la gesti\u00f3n integral de impuestos. Adem\u00e1s, compartiremos consejos pr\u00e1cticos y casos de \u00e9xito para que puedas aprovechar al m\u00e1ximo los beneficios de nuestros servicios.<\/p>\n\n\t\t<\/div>\n\t\t\t\t\n<style>\n#col-2100504021 > .col-inner {\n  padding: 0px 10% 0px 0px;\n}\n<\/style>\n\t<\/div>\n\n\t\n\n\t<div id=\"col-1656850879\" class=\"col medium-12 small-12 large-6\"  >\n\t\t\t\t<div class=\"col-inner\" style=\"background-color:rgb(241, 241, 241);\" >\n\t\t\t\n\t<div class=\"is-border\"\n\t\tstyle=\"border-color:rgb(126, 126, 126);border-width:10px 0px 0px 0px;\">\n\t<\/div>\n\t\t\t\n\n\t<div class=\"img has-hover x md-x lg-x y md-y lg-y\" id=\"image_88130799\">\n\t\t\t\t\t\t\t\t<div class=\"img-inner image-color image-grayscale dark\" >\n\t\t\t<img loading=\"lazy\" decoding=\"async\" width=\"512\" height=\"512\" src=\"https:\/\/trialadvisers.com\/wp-content\/uploads\/2024\/02\/favicon.png\" class=\"attachment-large size-large\" alt=\"\" srcset=\"https:\/\/trialadvisers.com\/wp-content\/uploads\/2024\/02\/favicon.png 512w, https:\/\/trialadvisers.com\/wp-content\/uploads\/2024\/02\/favicon-300x300.png 300w, https:\/\/trialadvisers.com\/wp-content\/uploads\/2024\/02\/favicon-150x150.png 150w\" sizes=\"auto, (max-width: 512px) 100vw, 512px\" \/>\t\t\t\t\t\t\n\t\t\t\t\t<\/div>\n\t\t\t\t\t\t\t\t\n<style>\n#image_88130799 {\n  width: 100%;\n}\n<\/style>\n\t<\/div>\n\t\n\n\n\t\t<\/div>\n\t\t\t\t\n<style>\n#col-1656850879 > .col-inner {\n  padding: 15% 10% 5% 10%;\n  margin: 0 0px 0px 0px;\n}\n@media (min-width:550px) {\n  #col-1656850879 > .col-inner {\n    padding: 10% 10% 8% 10%;\n  }\n}\n@media (min-width:850px) {\n  #col-1656850879 > .col-inner {\n    padding: 15% 15% 10% 15%;\n    margin: -172px 0px 0px 0px;\n  }\n}\n<\/style>\n\t<\/div>\n\n\t\n\n<\/div>\n\n\t\t<\/div>\n\n\t\t\n<style>\n#section_1494649822 {\n  padding-top: 30px;\n  padding-bottom: 30px;\n}\n<\/style>\n\t<\/section>\n\t\n<div class=\"row\"  id=\"row-81088901\">\n\n\n\t<div id=\"col-116214486\" class=\"col small-12 large-12\"  >\n\t\t\t\t<div class=\"col-inner\"  >\n\t\t\t\n\t\t\t\n\n\n  \n    <div class=\"row large-columns-3 medium-columns-1 small-columns-1 slider row-slider slider-nav-reveal slider-nav-push\"  data-flickity-options='{\"imagesLoaded\": true, \"groupCells\": \"100%\", \"dragThreshold\" : 5, \"cellAlign\": \"left\",\"wrapAround\": true,\"prevNextButtons\": true,\"percentPosition\": true,\"pageDots\": false, \"rightToLeft\": false, \"autoPlay\" : false}' >\n\n  <div class=\"col post-item\" data-animate=\"fadeInUp\">\n\t\t\t<div class=\"col-inner\">\n\t\t\t\t<div class=\"box box-normal box-text-bottom box-blog-post has-hover\">\n            \t\t\t\t\t<div class=\"box-image\" >\n  \t\t\t\t\t\t<div class=\"image-cover\" style=\"padding-top:56.25%;\">\n\t\t\t\t\t\t\t<a href=\"https:\/\/trialadvisers.com\/index.php\/2024\/02\/29\/servicios-tributarios-ofrecidos-por-una-firma-contable-en-miami\/\" class=\"plain\" aria-label=\"Aspectos a tener en cuenta al momento de comprar Activos en EEUU\">\n\t\t\t\t\t\t\t\t<img loading=\"lazy\" decoding=\"async\" width=\"300\" height=\"300\" src=\"https:\/\/trialadvisers.com\/wp-content\/uploads\/2024\/02\/revisoria-fiscal-pagina-300x300.png\" class=\"attachment-medium size-medium wp-post-image\" alt=\"\" srcset=\"https:\/\/trialadvisers.com\/wp-content\/uploads\/2024\/02\/revisoria-fiscal-pagina-300x300.png 300w, https:\/\/trialadvisers.com\/wp-content\/uploads\/2024\/02\/revisoria-fiscal-pagina-150x150.png 150w, https:\/\/trialadvisers.com\/wp-content\/uploads\/2024\/02\/revisoria-fiscal-pagina.png 500w\" sizes=\"auto, (max-width: 300px) 100vw, 300px\" \/>\t\t\t\t\t\t\t<\/a>\n  \t\t\t\t\t\t\t  \t\t\t\t\t\t\t  \t\t\t\t\t\t<\/div>\n  \t\t\t\t\t\t  \t\t\t\t\t<\/div>\n          \t\t\t\t\t<div class=\"box-text text-center\" >\n\t\t\t\t\t<div class=\"box-text-inner blog-post-inner\">\n\n\t\t\t\t\t\n\t\t\t\t\t\t\t\t\t\t<h5 class=\"post-title is-large \">\n\t\t\t\t\t\t<a href=\"https:\/\/trialadvisers.com\/index.php\/2024\/02\/29\/servicios-tributarios-ofrecidos-por-una-firma-contable-en-miami\/\" class=\"plain\">Aspectos a tener en cuenta al momento de comprar Activos en EEUU<\/a>\n\t\t\t\t\t<\/h5>\n\t\t\t\t\t\t\t\t\t\t<div class=\"is-divider\"><\/div>\n\t\t\t\t\t\t\t\t\t\t<p class=\"from_the_blog_excerpt \">\n\t\t\t\t\t\t\t\t\t\t\t<\/p>\n\t\t\t\t\t                    \n\t\t\t\t\t\n\t\t\t\t\t\n\t\t\t\t\t<\/div>\n\t\t\t\t\t<\/div>\n\t\t\t\t\t\t\t\t\t\t\t\t\t\t\t\t<div class=\"badge absolute top post-date badge-outline\">\n\t\t\t\t\t\t\t<div class=\"badge-inner\">\n\t\t\t\t\t\t\t\t<span class=\"post-date-day\">29<\/span><br>\n\t\t\t\t\t\t\t\t<span class=\"post-date-month is-xsmall\">Feb<\/span>\n\t\t\t\t\t\t\t<\/div>\n\t\t\t\t\t\t<\/div>\n\t\t\t\t\t\t\t\t\t<\/div>\n\t\t\t<\/div>\n\t\t<\/div><div class=\"col post-item\" data-animate=\"fadeInUp\">\n\t\t\t<div class=\"col-inner\">\n\t\t\t\t<div class=\"box box-normal box-text-bottom box-blog-post has-hover\">\n            \t\t\t\t\t<div class=\"box-image\" >\n  \t\t\t\t\t\t<div class=\"image-cover\" style=\"padding-top:56.25%;\">\n\t\t\t\t\t\t\t<a href=\"https:\/\/trialadvisers.com\/index.php\/2024\/02\/29\/5-tips-de-planeacion-fiscal\/\" class=\"plain\" aria-label=\"5 Tips de Planeaci\u00f3n Fiscal\">\n\t\t\t\t\t\t\t\t<img loading=\"lazy\" decoding=\"async\" width=\"300\" height=\"300\" src=\"https:\/\/trialadvisers.com\/wp-content\/uploads\/2024\/02\/Diseno-sin-titulo-43-300x300.png\" class=\"attachment-medium size-medium wp-post-image\" alt=\"\" srcset=\"https:\/\/trialadvisers.com\/wp-content\/uploads\/2024\/02\/Diseno-sin-titulo-43-300x300.png 300w, https:\/\/trialadvisers.com\/wp-content\/uploads\/2024\/02\/Diseno-sin-titulo-43-150x150.png 150w, https:\/\/trialadvisers.com\/wp-content\/uploads\/2024\/02\/Diseno-sin-titulo-43.png 500w\" sizes=\"auto, (max-width: 300px) 100vw, 300px\" \/>\t\t\t\t\t\t\t<\/a>\n  \t\t\t\t\t\t\t  \t\t\t\t\t\t\t  \t\t\t\t\t\t<\/div>\n  \t\t\t\t\t\t  \t\t\t\t\t<\/div>\n          \t\t\t\t\t<div class=\"box-text text-center\" >\n\t\t\t\t\t<div class=\"box-text-inner blog-post-inner\">\n\n\t\t\t\t\t\n\t\t\t\t\t\t\t\t\t\t<h5 class=\"post-title is-large \">\n\t\t\t\t\t\t<a href=\"https:\/\/trialadvisers.com\/index.php\/2024\/02\/29\/5-tips-de-planeacion-fiscal\/\" class=\"plain\">5 Tips de Planeaci\u00f3n Fiscal<\/a>\n\t\t\t\t\t<\/h5>\n\t\t\t\t\t\t\t\t\t\t<div class=\"is-divider\"><\/div>\n\t\t\t\t\t\t\t\t\t\t<p class=\"from_the_blog_excerpt \">\n\t\t\t\t\t\t\t\t\t\t\t<\/p>\n\t\t\t\t\t                    \n\t\t\t\t\t\n\t\t\t\t\t\n\t\t\t\t\t<\/div>\n\t\t\t\t\t<\/div>\n\t\t\t\t\t\t\t\t\t\t\t\t\t\t\t\t<div class=\"badge absolute top post-date badge-outline\">\n\t\t\t\t\t\t\t<div class=\"badge-inner\">\n\t\t\t\t\t\t\t\t<span class=\"post-date-day\">29<\/span><br>\n\t\t\t\t\t\t\t\t<span class=\"post-date-month is-xsmall\">Feb<\/span>\n\t\t\t\t\t\t\t<\/div>\n\t\t\t\t\t\t<\/div>\n\t\t\t\t\t\t\t\t\t<\/div>\n\t\t\t<\/div>\n\t\t<\/div><div class=\"col post-item\" data-animate=\"fadeInUp\">\n\t\t\t<div class=\"col-inner\">\n\t\t\t\t<div class=\"box box-normal box-text-bottom box-blog-post has-hover\">\n            \t\t\t\t\t<div class=\"box-image\" >\n  \t\t\t\t\t\t<div class=\"image-cover\" style=\"padding-top:56.25%;\">\n\t\t\t\t\t\t\t<a href=\"https:\/\/trialadvisers.com\/index.php\/2024\/02\/29\/el-legado-familiar\/\" class=\"plain\" aria-label=\"El Legado Familiar\">\n\t\t\t\t\t\t\t\t<img loading=\"lazy\" decoding=\"async\" width=\"300\" height=\"300\" src=\"https:\/\/trialadvisers.com\/wp-content\/uploads\/2024\/03\/legado-familiar-300x300.png\" class=\"attachment-medium size-medium wp-post-image\" alt=\"\" srcset=\"https:\/\/trialadvisers.com\/wp-content\/uploads\/2024\/03\/legado-familiar-300x300.png 300w, https:\/\/trialadvisers.com\/wp-content\/uploads\/2024\/03\/legado-familiar-150x150.png 150w, https:\/\/trialadvisers.com\/wp-content\/uploads\/2024\/03\/legado-familiar.png 500w\" sizes=\"auto, (max-width: 300px) 100vw, 300px\" \/>\t\t\t\t\t\t\t<\/a>\n  \t\t\t\t\t\t\t  \t\t\t\t\t\t\t  \t\t\t\t\t\t<\/div>\n  \t\t\t\t\t\t  \t\t\t\t\t<\/div>\n          \t\t\t\t\t<div class=\"box-text text-center\" >\n\t\t\t\t\t<div class=\"box-text-inner blog-post-inner\">\n\n\t\t\t\t\t\n\t\t\t\t\t\t\t\t\t\t<h5 class=\"post-title is-large \">\n\t\t\t\t\t\t<a href=\"https:\/\/trialadvisers.com\/index.php\/2024\/02\/29\/el-legado-familiar\/\" class=\"plain\">El Legado Familiar<\/a>\n\t\t\t\t\t<\/h5>\n\t\t\t\t\t\t\t\t\t\t<div class=\"is-divider\"><\/div>\n\t\t\t\t\t\t\t\t\t\t<p class=\"from_the_blog_excerpt \">\n\t\t\t\t\t\t\t\t\t\t\t<\/p>\n\t\t\t\t\t                    \n\t\t\t\t\t\n\t\t\t\t\t\n\t\t\t\t\t<\/div>\n\t\t\t\t\t<\/div>\n\t\t\t\t\t\t\t\t\t\t\t\t\t\t\t\t<div class=\"badge absolute top post-date badge-outline\">\n\t\t\t\t\t\t\t<div class=\"badge-inner\">\n\t\t\t\t\t\t\t\t<span class=\"post-date-day\">29<\/span><br>\n\t\t\t\t\t\t\t\t<span class=\"post-date-month is-xsmall\">Feb<\/span>\n\t\t\t\t\t\t\t<\/div>\n\t\t\t\t\t\t<\/div>\n\t\t\t\t\t\t\t\t\t<\/div>\n\t\t\t<\/div>\n\t\t<\/div><\/div>\n\n\n\t\t<\/div>\n\t\t\t\t\t<\/div>\n\n\t\n\n<\/div>\n\n","protected":false},"excerpt":{"rendered":"","protected":false},"author":1,"featured_media":0,"parent":0,"menu_order":0,"comment_status":"closed","ping_status":"closed","template":"page-blank.php","meta":{"footnotes":""},"class_list":["post-24","page","type-page","status-publish","hentry"],"yoast_head":"<!-- This site is optimized with the Yoast SEO plugin v27.1.1 - https:\/\/yoast.com\/product\/yoast-seo-wordpress\/ -->\n<title>Noticias - TRIAL ADVISERS<\/title>\n<meta name=\"robots\" content=\"index, follow, max-snippet:-1, max-image-preview:large, max-video-preview:-1\" \/>\n<link rel=\"canonical\" href=\"https:\/\/trialadvisers.com\/index.php\/noticias\/\" \/>\n<meta property=\"og:locale\" content=\"es_ES\" \/>\n<meta property=\"og:type\" content=\"article\" \/>\n<meta property=\"og:title\" content=\"Noticias - TRIAL ADVISERS\" \/>\n<meta property=\"og:url\" content=\"https:\/\/trialadvisers.com\/index.php\/noticias\/\" \/>\n<meta property=\"og:site_name\" content=\"TRIAL ADVISERS\" \/>\n<meta property=\"article:modified_time\" content=\"2024-03-05T05:45:46+00:00\" \/>\n<meta name=\"twitter:card\" content=\"summary_large_image\" \/>\n<script type=\"application\/ld+json\" class=\"yoast-schema-graph\">{\"@context\":\"https:\/\/schema.org\",\"@graph\":[{\"@type\":\"WebPage\",\"@id\":\"https:\/\/trialadvisers.com\/index.php\/noticias\/\",\"url\":\"https:\/\/trialadvisers.com\/index.php\/noticias\/\",\"name\":\"Noticias - TRIAL ADVISERS\",\"isPartOf\":{\"@id\":\"https:\/\/trialadvisers.com\/#website\"},\"datePublished\":\"2023-12-20T02:24:49+00:00\",\"dateModified\":\"2024-03-05T05:45:46+00:00\",\"breadcrumb\":{\"@id\":\"https:\/\/trialadvisers.com\/index.php\/noticias\/#breadcrumb\"},\"inLanguage\":\"es-CO\",\"potentialAction\":[{\"@type\":\"ReadAction\",\"target\":[\"https:\/\/trialadvisers.com\/index.php\/noticias\/\"]}]},{\"@type\":\"BreadcrumbList\",\"@id\":\"https:\/\/trialadvisers.com\/index.php\/noticias\/#breadcrumb\",\"itemListElement\":[{\"@type\":\"ListItem\",\"position\":1,\"name\":\"Inicio\",\"item\":\"https:\/\/trialadvisers.com\/\"},{\"@type\":\"ListItem\",\"position\":2,\"name\":\"Noticias\"}]},{\"@type\":\"WebSite\",\"@id\":\"https:\/\/trialadvisers.com\/#website\",\"url\":\"https:\/\/trialadvisers.com\/\",\"name\":\"TRIAL ADVISERS\",\"description\":\"Tu tranquilidad financiera, nuestra responsabilidad\",\"publisher\":{\"@id\":\"https:\/\/trialadvisers.com\/#organization\"},\"potentialAction\":[{\"@type\":\"SearchAction\",\"target\":{\"@type\":\"EntryPoint\",\"urlTemplate\":\"https:\/\/trialadvisers.com\/?s={search_term_string}\"},\"query-input\":{\"@type\":\"PropertyValueSpecification\",\"valueRequired\":true,\"valueName\":\"search_term_string\"}}],\"inLanguage\":\"es-CO\"},{\"@type\":\"Organization\",\"@id\":\"https:\/\/trialadvisers.com\/#organization\",\"name\":\"TRIAL ADVISERS\",\"url\":\"https:\/\/trialadvisers.com\/\",\"logo\":{\"@type\":\"ImageObject\",\"inLanguage\":\"es-CO\",\"@id\":\"https:\/\/trialadvisers.com\/#\/schema\/logo\/image\/\",\"url\":\"https:\/\/trialadvisers.com\/wp-content\/uploads\/2023\/12\/cropped-LOGO.png\",\"contentUrl\":\"https:\/\/trialadvisers.com\/wp-content\/uploads\/2023\/12\/cropped-LOGO.png\",\"width\":180,\"height\":60,\"caption\":\"TRIAL ADVISERS\"},\"image\":{\"@id\":\"https:\/\/trialadvisers.com\/#\/schema\/logo\/image\/\"}}]}<\/script>\n<!-- \/ Yoast SEO plugin. -->","yoast_head_json":{"title":"Noticias - TRIAL ADVISERS","robots":{"index":"index","follow":"follow","max-snippet":"max-snippet:-1","max-image-preview":"max-image-preview:large","max-video-preview":"max-video-preview:-1"},"canonical":"https:\/\/trialadvisers.com\/index.php\/noticias\/","og_locale":"es_ES","og_type":"article","og_title":"Noticias - TRIAL ADVISERS","og_url":"https:\/\/trialadvisers.com\/index.php\/noticias\/","og_site_name":"TRIAL ADVISERS","article_modified_time":"2024-03-05T05:45:46+00:00","twitter_card":"summary_large_image","schema":{"@context":"https:\/\/schema.org","@graph":[{"@type":"WebPage","@id":"https:\/\/trialadvisers.com\/index.php\/noticias\/","url":"https:\/\/trialadvisers.com\/index.php\/noticias\/","name":"Noticias - TRIAL ADVISERS","isPartOf":{"@id":"https:\/\/trialadvisers.com\/#website"},"datePublished":"2023-12-20T02:24:49+00:00","dateModified":"2024-03-05T05:45:46+00:00","breadcrumb":{"@id":"https:\/\/trialadvisers.com\/index.php\/noticias\/#breadcrumb"},"inLanguage":"es-CO","potentialAction":[{"@type":"ReadAction","target":["https:\/\/trialadvisers.com\/index.php\/noticias\/"]}]},{"@type":"BreadcrumbList","@id":"https:\/\/trialadvisers.com\/index.php\/noticias\/#breadcrumb","itemListElement":[{"@type":"ListItem","position":1,"name":"Inicio","item":"https:\/\/trialadvisers.com\/"},{"@type":"ListItem","position":2,"name":"Noticias"}]},{"@type":"WebSite","@id":"https:\/\/trialadvisers.com\/#website","url":"https:\/\/trialadvisers.com\/","name":"TRIAL ADVISERS","description":"Tu tranquilidad financiera, nuestra responsabilidad","publisher":{"@id":"https:\/\/trialadvisers.com\/#organization"},"potentialAction":[{"@type":"SearchAction","target":{"@type":"EntryPoint","urlTemplate":"https:\/\/trialadvisers.com\/?s={search_term_string}"},"query-input":{"@type":"PropertyValueSpecification","valueRequired":true,"valueName":"search_term_string"}}],"inLanguage":"es-CO"},{"@type":"Organization","@id":"https:\/\/trialadvisers.com\/#organization","name":"TRIAL ADVISERS","url":"https:\/\/trialadvisers.com\/","logo":{"@type":"ImageObject","inLanguage":"es-CO","@id":"https:\/\/trialadvisers.com\/#\/schema\/logo\/image\/","url":"https:\/\/trialadvisers.com\/wp-content\/uploads\/2023\/12\/cropped-LOGO.png","contentUrl":"https:\/\/trialadvisers.com\/wp-content\/uploads\/2023\/12\/cropped-LOGO.png","width":180,"height":60,"caption":"TRIAL ADVISERS"},"image":{"@id":"https:\/\/trialadvisers.com\/#\/schema\/logo\/image\/"}}]}},"_links":{"self":[{"href":"https:\/\/trialadvisers.com\/index.php\/wp-json\/wp\/v2\/pages\/24","targetHints":{"allow":["GET"]}}],"collection":[{"href":"https:\/\/trialadvisers.com\/index.php\/wp-json\/wp\/v2\/pages"}],"about":[{"href":"https:\/\/trialadvisers.com\/index.php\/wp-json\/wp\/v2\/types\/page"}],"author":[{"embeddable":true,"href":"https:\/\/trialadvisers.com\/index.php\/wp-json\/wp\/v2\/users\/1"}],"replies":[{"embeddable":true,"href":"https:\/\/trialadvisers.com\/index.php\/wp-json\/wp\/v2\/comments?post=24"}],"version-history":[{"count":5,"href":"https:\/\/trialadvisers.com\/index.php\/wp-json\/wp\/v2\/pages\/24\/revisions"}],"predecessor-version":[{"id":326,"href":"https:\/\/trialadvisers.com\/index.php\/wp-json\/wp\/v2\/pages\/24\/revisions\/326"}],"wp:attachment":[{"href":"https:\/\/trialadvisers.com\/index.php\/wp-json\/wp\/v2\/media?parent=24"}],"curies":[{"name":"wp","href":"https:\/\/api.w.org\/{rel}","templated":true}]}}